{"id":2559,"date":"2018-11-16T20:12:45","date_gmt":"2018-11-16T20:12:45","guid":{"rendered":"https:\/\/taqwa.nauthemes.com\/?page_id=52"},"modified":"2018-11-16T20:12:45","modified_gmt":"2018-11-16T20:12:45","slug":"latest-blog","status":"publish","type":"page","link":"https:\/\/www.assalam.in\/index.php\/latest-blog\/","title":{"rendered":"Latest Blog"},"content":{"rendered":"\t\t<div data-elementor-type=\"wp-page\" data-elementor-id=\"2559\" class=\"elementor elementor-2559\" data-elementor-post-type=\"page\">\n\t\t\t\t\t\t<section class=\"elementor-section elementor-top-section elementor-element elementor-element-e24d4e8 elementor-section-boxed elementor-section-height-default elementor-section-height-default\" data-id=\"e24d4e8\" data-element_type=\"section\" data-e-type=\"section\">\n\t\t\t\t\t\t<div class=\"elementor-container elementor-column-gap-default\">\n\t\t\t\t\t<div class=\"elementor-column elementor-col-100 elementor-top-column elementor-element elementor-element-9e9feda\" data-id=\"9e9feda\" data-element_type=\"column\" data-e-type=\"column\">\n\t\t\t<div class=\"elementor-widget-wrap elementor-element-populated\">\n\t\t\t\t\t\t<div class=\"elementor-element elementor-element-f4ef791 elementor-widget elementor-widget-blog_list\" data-id=\"f4ef791\" data-element_type=\"widget\" data-e-type=\"widget\" data-widget_type=\"blog_list.default\">\n\t\t\t\t<div class=\"elementor-widget-container\">\n\t\t\t\t\t\n\t\t\t\t\n\t\t\t\t<section>\n\t\t\t\t\t<div class=\"gap\">\n\t\t\t\t\t\t<div class=\"container\">\n\t\t\t\t\t\t\t<div class=\"remove-ext3 blog-sec\">\n\t\t\t\t\t\t\t\t<div class=\"row\">\n\t\t\t\t\t\t\t\t\t\t\t<div class=\"col-md-4 col-sm-6 col-lg-6\">\n\t\t\t\t\t\t\t\t\t\t\t\t<div class=\"post-bx lst brd-rd5\"><div class=\"post-thmb\"><a href=\"https:\/\/www.assalam.in\/index.php\/2024\/03\/02\/knowledge-for-knowledge\/\" itemprop=\"url\"><img decoding=\"async\" src=\"https:\/\/www.assalam.in\/wp-content\/uploads\/bfi_thumb\/Qala-Rasoolullah-qkkkhtqfibk91etjctwtxa0ocw8k490y8bq3w6ypgw.png\" alt=\"Featured Image\" itemprop=\"image\"><\/a><\/div>\n\t\t\t\t\t\t\t\t\t\t\t\t\t<div class=\"post-inf\">\n\t\t\t\t\t\t\t\t\t\t\t\t\t\t<h5 itemprop=\"headline\"><a href=\"https:\/\/www.assalam.in\/index.php\/2024\/03\/02\/knowledge-for-knowledge\/\" itemprop=\"url\">Knowledge for Knowledge<\/a><\/h5>\n\t\t\t\t\t\t\t\t\t\t\t\t\t\t<ul class=\"pst-mta\">\n\t\t\t\t\t\t\t\t\t\t\t\t\t\t\t<li><i class=\"far fa-calendar-alt theme-clr\"><\/i> March 2, 2024<\/li>\n\t\t\t\t\t\t\t\t\t\t\t\t\t\t\t<li><i class=\"far fa-user theme-clr\"><\/i><a href=\"https:\/\/www.assalam.in\/index.php\/author\/tawhid\/\" itemprop=\"url\">Tawhid<\/a><\/li>\n\t\t\t\t\t\t\t\t\t\t\t\t\t\t<\/ul>\n\t\t\t\t\t\t\t\t\t\t\t\t\t\t<p>From Jaabir (radiyAll\u00e2hu 'anhu) who said that All\u00e2h's Messenger (salAll\u00e2hu...<\/p>\n\n\t\t\t\t\t\t\t\t\t\t\t\t\t\t<a href=\"https:\/\/www.assalam.in\/index.php\/2024\/03\/02\/knowledge-for-knowledge\/\" itemprop=\"url\">View Details<\/a>\n\t\t\t\t\t\t\t\t\t\t\t\t\t<\/div>\n\t\t\t\t\t\t\t\t\t\t\t\t<\/div>\n\t\t\t\t\t\t\t\t\t\t\t<\/div>\n\t\t\t\t\t\t\t\t\t\t\t<div class=\"col-md-4 col-sm-6 col-lg-6\">\n\t\t\t\t\t\t\t\t\t\t\t\t<div class=\"post-bx lst brd-rd5\"><div class=\"post-thmb\"><a href=\"https:\/\/www.assalam.in\/index.php\/2024\/03\/02\/the-muslim-is-honest-and-truthful-in-all-his-affairs\/\" itemprop=\"url\"><img decoding=\"async\" src=\"https:\/\/www.assalam.in\/wp-content\/uploads\/bfi_thumb\/Qala-Rasoolullah-qkkkhtqfibk91etjctwtxa0ocw8k490y8bq3w6ypgw.png\" alt=\"Featured Image\" itemprop=\"image\"><\/a><\/div>\n\t\t\t\t\t\t\t\t\t\t\t\t\t<div class=\"post-inf\">\n\t\t\t\t\t\t\t\t\t\t\t\t\t\t<h5 itemprop=\"headline\"><a href=\"https:\/\/www.assalam.in\/index.php\/2024\/03\/02\/the-muslim-is-honest-and-truthful-in-all-his-affairs\/\" itemprop=\"url\">The Muslim is Honest and Truthful in All his Affairs<\/a><\/h5>\n\t\t\t\t\t\t\t\t\t\t\t\t\t\t<ul class=\"pst-mta\">\n\t\t\t\t\t\t\t\t\t\t\t\t\t\t\t<li><i class=\"far fa-calendar-alt theme-clr\"><\/i> March 2, 2024<\/li>\n\t\t\t\t\t\t\t\t\t\t\t\t\t\t\t<li><i class=\"far fa-user theme-clr\"><\/i><a href=\"https:\/\/www.assalam.in\/index.php\/author\/tawhid\/\" itemprop=\"url\">Tawhid<\/a><\/li>\n\t\t\t\t\t\t\t\t\t\t\t\t\t\t<\/ul>\n\t\t\t\t\t\t\t\t\t\t\t\t\t\t<p>From Ab\u00fb Hurayrah (radiyAll\u00e2hu 'anhu) who said that All\u00e2h's Messenger (sal...<\/p>\n\n\t\t\t\t\t\t\t\t\t\t\t\t\t\t<a href=\"https:\/\/www.assalam.in\/index.php\/2024\/03\/02\/the-muslim-is-honest-and-truthful-in-all-his-affairs\/\" itemprop=\"url\">View Details<\/a>\n\t\t\t\t\t\t\t\t\t\t\t\t\t<\/div>\n\t\t\t\t\t\t\t\t\t\t\t\t<\/div>\n\t\t\t\t\t\t\t\t\t\t\t<\/div>\n\t\t\t\t\t\t\t\t\t\t\t<div class=\"col-md-4 col-sm-6 col-lg-6\">\n\t\t\t\t\t\t\t\t\t\t\t\t<div class=\"post-bx lst brd-rd5\"><div class=\"post-thmb\"><a href=\"https:\/\/www.assalam.in\/index.php\/2024\/03\/02\/the-muslims-piety-and-self-restraint\/\" itemprop=\"url\"><img decoding=\"async\" src=\"https:\/\/www.assalam.in\/wp-content\/uploads\/bfi_thumb\/Qala-Rasoolullah-qkkkhtqfibk91etjctwtxa0ocw8k490y8bq3w6ypgw.png\" alt=\"Featured Image\" itemprop=\"image\"><\/a><\/div>\n\t\t\t\t\t\t\t\t\t\t\t\t\t<div class=\"post-inf\">\n\t\t\t\t\t\t\t\t\t\t\t\t\t\t<h5 itemprop=\"headline\"><a href=\"https:\/\/www.assalam.in\/index.php\/2024\/03\/02\/the-muslims-piety-and-self-restraint\/\" itemprop=\"url\">The Muslim&#8217;s Piety and Self-Restraint<\/a><\/h5>\n\t\t\t\t\t\t\t\t\t\t\t\t\t\t<ul class=\"pst-mta\">\n\t\t\t\t\t\t\t\t\t\t\t\t\t\t\t<li><i class=\"far fa-calendar-alt theme-clr\"><\/i> March 2, 2024<\/li>\n\t\t\t\t\t\t\t\t\t\t\t\t\t\t\t<li><i class=\"far fa-user theme-clr\"><\/i><a href=\"https:\/\/www.assalam.in\/index.php\/author\/tawhid\/\" itemprop=\"url\">Tawhid<\/a><\/li>\n\t\t\t\t\t\t\t\t\t\t\t\t\t\t<\/ul>\n\t\t\t\t\t\t\t\t\t\t\t\t\t\t<p>From an-Nu'maan ibn Basheer (radiyAll\u00e2hu 'anhu) who said that I heard All\u00e2...<\/p>\n\n\t\t\t\t\t\t\t\t\t\t\t\t\t\t<a href=\"https:\/\/www.assalam.in\/index.php\/2024\/03\/02\/the-muslims-piety-and-self-restraint\/\" itemprop=\"url\">View Details<\/a>\n\t\t\t\t\t\t\t\t\t\t\t\t\t<\/div>\n\t\t\t\t\t\t\t\t\t\t\t\t<\/div>\n\t\t\t\t\t\t\t\t\t\t\t<\/div>\n\t\t\t\t\t\t\t\t\t\t\t<div class=\"col-md-4 col-sm-6 col-lg-6\">\n\t\t\t\t\t\t\t\t\t\t\t\t<div class=\"post-bx lst brd-rd5\"><div class=\"post-thmb\"><a href=\"https:\/\/www.assalam.in\/index.php\/2024\/03\/02\/following-and-applying-divine-guidance\/\" itemprop=\"url\"><img decoding=\"async\" src=\"https:\/\/www.assalam.in\/wp-content\/uploads\/bfi_thumb\/Qala-Rasoolullah-qkkkhtqfibk91etjctwtxa0ocw8k490y8bq3w6ypgw.png\" alt=\"Featured Image\" itemprop=\"image\"><\/a><\/div>\n\t\t\t\t\t\t\t\t\t\t\t\t\t<div class=\"post-inf\">\n\t\t\t\t\t\t\t\t\t\t\t\t\t\t<h5 itemprop=\"headline\"><a href=\"https:\/\/www.assalam.in\/index.php\/2024\/03\/02\/following-and-applying-divine-guidance\/\" itemprop=\"url\">Following and Applying Divine Guidance<\/a><\/h5>\n\t\t\t\t\t\t\t\t\t\t\t\t\t\t<ul class=\"pst-mta\">\n\t\t\t\t\t\t\t\t\t\t\t\t\t\t\t<li><i class=\"far fa-calendar-alt theme-clr\"><\/i> March 2, 2024<\/li>\n\t\t\t\t\t\t\t\t\t\t\t\t\t\t\t<li><i class=\"far fa-user theme-clr\"><\/i><a href=\"https:\/\/www.assalam.in\/index.php\/author\/tawhid\/\" itemprop=\"url\">Tawhid<\/a><\/li>\n\t\t\t\t\t\t\t\t\t\t\t\t\t\t<\/ul>\n\t\t\t\t\t\t\t\t\t\t\t\t\t\t<p>From Umm ud-Dard\u00e2 (radiyAll\u00e2hu 'anhaa) who said: I said to Ab\u00fb Dard\u00e2 (radi...<\/p>\n\n\t\t\t\t\t\t\t\t\t\t\t\t\t\t<a href=\"https:\/\/www.assalam.in\/index.php\/2024\/03\/02\/following-and-applying-divine-guidance\/\" itemprop=\"url\">View Details<\/a>\n\t\t\t\t\t\t\t\t\t\t\t\t\t<\/div>\n\t\t\t\t\t\t\t\t\t\t\t\t<\/div>\n\t\t\t\t\t\t\t\t\t\t\t<\/div>\n\t\t\t\t\t\t\t\t\t\t\t<div class=\"col-md-4 col-sm-6 col-lg-6\">\n\t\t\t\t\t\t\t\t\t\t\t\t<div class=\"post-bx lst brd-rd5\"><div class=\"post-thmb\"><a href=\"https:\/\/www.assalam.in\/index.php\/2024\/03\/02\/the-muslim-does-not-harbour-envy\/\" itemprop=\"url\"><img decoding=\"async\" src=\"https:\/\/www.assalam.in\/wp-content\/uploads\/bfi_thumb\/Qala-Rasoolullah-qkkkhtqfibk91etjctwtxa0ocw8k490y8bq3w6ypgw.png\" alt=\"Featured Image\" itemprop=\"image\"><\/a><\/div>\n\t\t\t\t\t\t\t\t\t\t\t\t\t<div class=\"post-inf\">\n\t\t\t\t\t\t\t\t\t\t\t\t\t\t<h5 itemprop=\"headline\"><a href=\"https:\/\/www.assalam.in\/index.php\/2024\/03\/02\/the-muslim-does-not-harbour-envy\/\" itemprop=\"url\">The Muslim does not Harbour Envy<\/a><\/h5>\n\t\t\t\t\t\t\t\t\t\t\t\t\t\t<ul class=\"pst-mta\">\n\t\t\t\t\t\t\t\t\t\t\t\t\t\t\t<li><i class=\"far fa-calendar-alt theme-clr\"><\/i> March 2, 2024<\/li>\n\t\t\t\t\t\t\t\t\t\t\t\t\t\t\t<li><i class=\"far fa-user theme-clr\"><\/i><a href=\"https:\/\/www.assalam.in\/index.php\/author\/tawhid\/\" itemprop=\"url\">Tawhid<\/a><\/li>\n\t\t\t\t\t\t\t\t\t\t\t\t\t\t<\/ul>\n\t\t\t\t\t\t\t\t\t\t\t\t\t\t<p>From Ibn Mas'ood (radiyAll\u00e2hu 'anhumaa) who said that All\u00e2h's Messenger (s...<\/p>\n\n\t\t\t\t\t\t\t\t\t\t\t\t\t\t<a href=\"https:\/\/www.assalam.in\/index.php\/2024\/03\/02\/the-muslim-does-not-harbour-envy\/\" itemprop=\"url\">View Details<\/a>\n\t\t\t\t\t\t\t\t\t\t\t\t\t<\/div>\n\t\t\t\t\t\t\t\t\t\t\t\t<\/div>\n\t\t\t\t\t\t\t\t\t\t\t<\/div>\n\t\t\t\t\t\t\t\t\t\t\t<div class=\"col-md-4 col-sm-6 col-lg-6\">\n\t\t\t\t\t\t\t\t\t\t\t\t<div class=\"post-bx lst brd-rd5\"><div class=\"post-thmb\"><a href=\"https:\/\/www.assalam.in\/index.php\/2024\/03\/02\/the-muslim-seeks-to-make-excuses-for-other-muslims\/\" itemprop=\"url\"><img decoding=\"async\" src=\"https:\/\/www.assalam.in\/wp-content\/uploads\/bfi_thumb\/Qala-Rasoolullah-qkkkhtqfibk91etjctwtxa0ocw8k490y8bq3w6ypgw.png\" alt=\"Featured Image\" itemprop=\"image\"><\/a><\/div>\n\t\t\t\t\t\t\t\t\t\t\t\t\t<div class=\"post-inf\">\n\t\t\t\t\t\t\t\t\t\t\t\t\t\t<h5 itemprop=\"headline\"><a href=\"https:\/\/www.assalam.in\/index.php\/2024\/03\/02\/the-muslim-seeks-to-make-excuses-for-other-muslims\/\" itemprop=\"url\">The Muslim Seeks to Make Excuses for Other Muslims<\/a><\/h5>\n\t\t\t\t\t\t\t\t\t\t\t\t\t\t<ul class=\"pst-mta\">\n\t\t\t\t\t\t\t\t\t\t\t\t\t\t\t<li><i class=\"far fa-calendar-alt theme-clr\"><\/i> March 2, 2024<\/li>\n\t\t\t\t\t\t\t\t\t\t\t\t\t\t\t<li><i class=\"far fa-user theme-clr\"><\/i><a href=\"https:\/\/www.assalam.in\/index.php\/author\/tawhid\/\" itemprop=\"url\">Tawhid<\/a><\/li>\n\t\t\t\t\t\t\t\t\t\t\t\t\t\t<\/ul>\n\t\t\t\t\t\t\t\t\t\t\t\t\t\t<p>From Sa'd ibn 'Ubaadah (radiyAll\u00e2hu 'anhu) who said that All\u00e2h's Messenger...<\/p>\n\n\t\t\t\t\t\t\t\t\t\t\t\t\t\t<a href=\"https:\/\/www.assalam.in\/index.php\/2024\/03\/02\/the-muslim-seeks-to-make-excuses-for-other-muslims\/\" itemprop=\"url\">View Details<\/a>\n\t\t\t\t\t\t\t\t\t\t\t\t\t<\/div>\n\t\t\t\t\t\t\t\t\t\t\t\t<\/div>\n\t\t\t\t\t\t\t\t\t\t\t<\/div>\n\t\t\t\t\t\t\t\t<\/div>\n\t\t\t\t\t\t\t<\/div>\n\t\t\t\t\t\t\t\t\t\t<div class=\"pagination-wrap text-center\">\n\t\t\t\t\t\t\t\t\t\t\t<ul class=\"pagination\">\n\t\t\t\t\t\t\t\t\t\t\t\t<li class = \"page-item brd-rd5\"><a class = \"page-item brd-rd5 active\" href=\"https:\/\/www.assalam.in\/index.php\/wp-json\/wp\/v2\/pages\/2559\/\">1<\/a><\/li>\n<li class = \"page-item brd-rd5\"><a class = \"page-item brd-rd5 \" href=\"https:\/\/www.assalam.in\/index.php\/wp-json\/wp\/v2\/pages\/2559\/page\/2\/\">2<\/a><\/li>\n<li class = \"page-item brd-rd5\"><a class = \"page-item brd-rd5 \" href=\"https:\/\/www.assalam.in\/index.php\/wp-json\/wp\/v2\/pages\/2559\/page\/3\/\">3<\/a><\/li>\n<li class = \"page-item brd-rd5\"><a class = \"page-item brd-rd5\" href=\"https:\/\/www.assalam.in\/index.php\/wp-json\/wp\/v2\/pages\/2559\/page\/4\/\">4<\/a><\/li>\n<li class = \"page-item next brd-rd5\"><a href=\"https:\/\/www.assalam.in\/index.php\/wp-json\/wp\/v2\/pages\/2559\/page\/2\/\" class=\"page-link\"><i class=\"fa fa-angle-double-right\"><\/i><\/a><\/li>\n\n\t\t\t\t\t\t\t\t\t\t\t<\/ul>\n\t\t\t\t\t\t\t\t\t\t<\/div>\n\t\t\t\t\t\t<\/div>\n\t\t\t\t\t<\/div>\n\t\t\t\t<\/section>\t\t\t\t<\/div>\n\t\t\t\t<\/div>\n\t\t\t\t\t<\/div>\n\t\t<\/div>\n\t\t\t\t\t<\/div>\n\t\t<\/section>\n\t\t\t\t<\/div>\n\t\t","protected":false},"excerpt":{"rendered":"<p>Needed Help For Poor 01 Jan, 2020 By, admin Islam is definitely accommodates olor sit amet, consectetur adipisicing eli&#8230; View Details Is Islam a Modern Philosophy? 02 Jan, 2020 By, admin Islam is definitely accommodates olor sit amet, consectetur adipisicing eli&#8230; View Details Help Needed For Poor 03 Jan, 2020 By, admin Islam is definitely accommodates olor sit amet, consectetur adipisicing eli&#8230; View Details Islamic Teachings &#038; Quran 04 Jan, 2020 By, admin Islam is definitely accommodates olor sit amet, consectetur adipisicing eli&#8230; View Details Ulama Sermons with Audio 05 Jan, 2020 By, admin Islam is definitely accommodates olor sit amet, consectetur adipisicing eli&#8230; View Details Quran, Life Guide Book 06 Jan, 2020 By, admin Islam is definitely accommodates olor sit amet, consectetur adipisicing eli&#8230; View Details 1 2<\/p>\n","protected":false},"author":1,"featured_media":0,"parent":0,"menu_order":0,"comment_status":"closed","ping_status":"closed","template":"","meta":{"_monsterinsights_skip_tracking":false,"_monsterinsights_sitenote_active":false,"_monsterinsights_sitenote_note":"","_monsterinsights_sitenote_category":0,"footnotes":""},"class_list":["post-2559","page","type-page","status-publish","hentry"],"aioseo_notices":[],"_hostinger_reach_plugin_has_subscription_block":false,"_hostinger_reach_plugin_is_elementor":false,"_links":{"self":[{"href":"https:\/\/www.assalam.in\/index.php\/wp-json\/wp\/v2\/pages\/2559","targetHints":{"allow":["GET"]}}],"collection":[{"href":"https:\/\/www.assalam.in\/index.php\/wp-json\/wp\/v2\/pages"}],"about":[{"href":"https:\/\/www.assalam.in\/index.php\/wp-json\/wp\/v2\/types\/page"}],"author":[{"embeddable":true,"href":"https:\/\/www.assalam.in\/index.php\/wp-json\/wp\/v2\/users\/1"}],"replies":[{"embeddable":true,"href":"https:\/\/www.assalam.in\/index.php\/wp-json\/wp\/v2\/comments?post=2559"}],"version-history":[{"count":0,"href":"https:\/\/www.assalam.in\/index.php\/wp-json\/wp\/v2\/pages\/2559\/revisions"}],"wp:attachment":[{"href":"https:\/\/www.assalam.in\/index.php\/wp-json\/wp\/v2\/media?parent=2559"}],"curies":[{"name":"wp","href":"https:\/\/api.w.org\/{rel}","templated":true}]}}